{"id":2231,"date":"2011-10-26T13:26:18","date_gmt":"2011-10-26T11:26:18","guid":{"rendered":"http:\/\/www.rienadire.fr\/wordpress\/?page_id=2231"},"modified":"2024-11-06T18:58:08","modified_gmt":"2024-11-06T17:58:08","slug":"liens","status":"publish","type":"page","link":"https:\/\/www.rienadire.fr\/wordpress\/liens\/","title":{"rendered":"Naviguer"},"content":{"rendered":"<form role=\"search\" method=\"get\" action=\"https:\/\/www.rienadire.fr\/wordpress\/\" class=\"wp-block-search__button-outside wp-block-search__text-button wp-block-search\"    ><label class=\"wp-block-search__label\" for=\"wp-block-search__input-1\" >Rechercher<\/label><div class=\"wp-block-search__inside-wrapper \" ><input class=\"wp-block-search__input\" id=\"wp-block-search__input-1\" placeholder=\"\" value=\"\" type=\"search\" name=\"s\" required \/><button aria-label=\"Rechercher\" class=\"wp-block-search__button wp-element-button\" type=\"submit\" >Rechercher<\/button><\/div><\/form>\n\n\n<div class=\"wp-block-group is-nowrap is-layout-flex wp-container-core-group-is-layout-6c531013 wp-block-group-is-layout-flex\"><ul class=\"wp-block-categories-list wp-block-categories\">\t<li class=\"cat-item cat-item-3\"><a href=\"https:\/\/www.rienadire.fr\/wordpress\/category\/actualite\/\">Actualit\u00e9<\/a>\n<\/li>\n\t<li class=\"cat-item cat-item-12\"><a href=\"https:\/\/www.rienadire.fr\/wordpress\/category\/photographie\/argentique\/\">Argentique<\/a>\n<\/li>\n\t<li class=\"cat-item cat-item-4\"><a href=\"https:\/\/www.rienadire.fr\/wordpress\/category\/bonsai\/\">Bonsa\u00ef<\/a>\n<\/li>\n\t<li class=\"cat-item cat-item-329\"><a href=\"https:\/\/www.rienadire.fr\/wordpress\/category\/carnet-de-voyage\/\">Carnet de voyage<\/a>\n<\/li>\n\t<li class=\"cat-item cat-item-332\"><a href=\"https:\/\/www.rienadire.fr\/wordpress\/category\/ecriture\/\">Ecriture<\/a>\n<\/li>\n\t<li class=\"cat-item cat-item-318\"><a href=\"https:\/\/www.rienadire.fr\/wordpress\/category\/fiction-interactive\/\">Fiction interactive<\/a>\n<\/li>\n\t<li class=\"cat-item cat-item-337\"><a href=\"https:\/\/www.rienadire.fr\/wordpress\/category\/ia\/\">IA<\/a>\n<\/li>\n\t<li class=\"cat-item cat-item-326\"><a href=\"https:\/\/www.rienadire.fr\/wordpress\/category\/informatique\/\">Informatique<\/a>\n<\/li>\n\t<li class=\"cat-item cat-item-323\"><a href=\"https:\/\/www.rienadire.fr\/wordpress\/category\/jeu-de-role\/\">Jeu de r\u00f4le<\/a>\n<\/li>\n\t<li class=\"cat-item cat-item-5\"><a href=\"https:\/\/www.rienadire.fr\/wordpress\/category\/linux\/\">Linux<\/a>\n<\/li>\n\t<li class=\"cat-item cat-item-6\"><a href=\"https:\/\/www.rienadire.fr\/wordpress\/category\/musique-libre\/\">Musique libre<\/a>\n<\/li>\n\t<li class=\"cat-item cat-item-1\"><a href=\"https:\/\/www.rienadire.fr\/wordpress\/category\/non-classe\/\">Non class\u00e9<\/a>\n<\/li>\n\t<li class=\"cat-item cat-item-7\"><a href=\"https:\/\/www.rienadire.fr\/wordpress\/category\/photographie\/\">Photographie<\/a>\n<\/li>\n\t<li class=\"cat-item cat-item-325\"><a href=\"https:\/\/www.rienadire.fr\/wordpress\/category\/poeme\/\">Po\u00e8me<\/a>\n<\/li>\n\t<li class=\"cat-item cat-item-8\"><a href=\"https:\/\/www.rienadire.fr\/wordpress\/category\/the-gimp\/\">The Gimp<\/a>\n<\/li>\n\t<li class=\"cat-item cat-item-9\"><a href=\"https:\/\/www.rienadire.fr\/wordpress\/category\/tutoriaux\/\">Tutoriaux<\/a>\n<\/li>\n\t<li class=\"cat-item cat-item-10\"><a href=\"https:\/\/www.rienadire.fr\/wordpress\/category\/ufraw\/\">Ufraw<\/a>\n<\/li>\n\t<li class=\"cat-item cat-item-243\"><a href=\"https:\/\/www.rienadire.fr\/wordpress\/category\/ukulele\/\">Ukul\u00e9l\u00e9<\/a>\n<\/li>\n\t<li class=\"cat-item cat-item-11\"><a href=\"https:\/\/www.rienadire.fr\/wordpress\/category\/visite\/\">Visite<\/a>\n<\/li>\n<\/ul>\n\n<p class=\"wp-block-tag-cloud\"><a href=\"https:\/\/www.rienadire.fr\/wordpress\/tag\/argentique\/\" class=\"tag-cloud-link tag-link-289 tag-link-position-1\" style=\"font-size: 17.782051282051pt;\" aria-label=\"Argentique (36 \u00e9l\u00e9ments)\">Argentique<\/a>\n<a href=\"https:\/\/www.rienadire.fr\/wordpress\/tag\/automne\/\" class=\"tag-cloud-link tag-link-290 tag-link-position-2\" style=\"font-size: 12.666666666667pt;\" aria-label=\"Automne (9 \u00e9l\u00e9ments)\">Automne<\/a>\n<a href=\"https:\/\/www.rienadire.fr\/wordpress\/tag\/autonomie-technique\/\" class=\"tag-cloud-link tag-link-335 tag-link-position-3\" style=\"font-size: 9.0769230769231pt;\" aria-label=\"Autonomie technique (3 \u00e9l\u00e9ments)\">Autonomie technique<\/a>\n<a href=\"https:\/\/www.rienadire.fr\/wordpress\/tag\/auvergne\/\" class=\"tag-cloud-link tag-link-291 tag-link-position-4\" style=\"font-size: 17.961538461538pt;\" aria-label=\"Auvergne (38 \u00e9l\u00e9ments)\">Auvergne<\/a>\n<a href=\"https:\/\/www.rienadire.fr\/wordpress\/tag\/bonsai\/\" class=\"tag-cloud-link tag-link-282 tag-link-position-5\" style=\"font-size: 8pt;\" aria-label=\"Bonsa\u00ef (2 \u00e9l\u00e9ments)\">Bonsa\u00ef<\/a>\n<a href=\"https:\/\/www.rienadire.fr\/wordpress\/tag\/bourgogne\/\" class=\"tag-cloud-link tag-link-88 tag-link-position-6\" style=\"font-size: 8pt;\" aria-label=\"Bourgogne (2 \u00e9l\u00e9ments)\">Bourgogne<\/a>\n<a href=\"https:\/\/www.rienadire.fr\/wordpress\/tag\/cathedrale\/\" class=\"tag-cloud-link tag-link-293 tag-link-position-7\" style=\"font-size: 9.0769230769231pt;\" aria-label=\"Cath\u00e9drale (3 \u00e9l\u00e9ments)\">Cath\u00e9drale<\/a>\n<a href=\"https:\/\/www.rienadire.fr\/wordpress\/tag\/chatgpt\/\" class=\"tag-cloud-link tag-link-328 tag-link-position-8\" style=\"font-size: 11.769230769231pt;\" aria-label=\"ChatGPT (7 \u00e9l\u00e9ments)\">ChatGPT<\/a>\n<a href=\"https:\/\/www.rienadire.fr\/wordpress\/tag\/clamart\/\" class=\"tag-cloud-link tag-link-23 tag-link-position-9\" style=\"font-size: 8pt;\" aria-label=\"Clamart (2 \u00e9l\u00e9ments)\">Clamart<\/a>\n<a href=\"https:\/\/www.rienadire.fr\/wordpress\/tag\/clermont-ferrand\/\" class=\"tag-cloud-link tag-link-294 tag-link-position-10\" style=\"font-size: 14.461538461538pt;\" aria-label=\"Clermont-Ferrand (15 \u00e9l\u00e9ments)\">Clermont-Ferrand<\/a>\n<a href=\"https:\/\/www.rienadire.fr\/wordpress\/tag\/cluny\/\" class=\"tag-cloud-link tag-link-91 tag-link-position-11\" style=\"font-size: 8pt;\" aria-label=\"Cluny (2 \u00e9l\u00e9ments)\">Cluny<\/a>\n<a href=\"https:\/\/www.rienadire.fr\/wordpress\/tag\/couleur\/\" class=\"tag-cloud-link tag-link-25 tag-link-position-12\" style=\"font-size: 18.769230769231pt;\" aria-label=\"couleur (47 \u00e9l\u00e9ments)\">couleur<\/a>\n<a href=\"https:\/\/www.rienadire.fr\/wordpress\/tag\/d7000\/\" class=\"tag-cloud-link tag-link-129 tag-link-position-13\" style=\"font-size: 16.25641025641pt;\" aria-label=\"D7000 (24 \u00e9l\u00e9ments)\">D7000<\/a>\n<a href=\"https:\/\/www.rienadire.fr\/wordpress\/tag\/darktable\/\" class=\"tag-cloud-link tag-link-26 tag-link-position-14\" style=\"font-size: 14.461538461538pt;\" aria-label=\"Darktable (15 \u00e9l\u00e9ments)\">Darktable<\/a>\n<a href=\"https:\/\/www.rienadire.fr\/wordpress\/tag\/dewplayer\/\" class=\"tag-cloud-link tag-link-27 tag-link-position-15\" style=\"font-size: 8pt;\" aria-label=\"dewplayer (2 \u00e9l\u00e9ments)\">dewplayer<\/a>\n<a href=\"https:\/\/www.rienadire.fr\/wordpress\/tag\/diy\/\" class=\"tag-cloud-link tag-link-244 tag-link-position-16\" style=\"font-size: 9.974358974359pt;\" aria-label=\"DIY (4 \u00e9l\u00e9ments)\">DIY<\/a>\n<a href=\"https:\/\/www.rienadire.fr\/wordpress\/tag\/epson-v300\/\" class=\"tag-cloud-link tag-link-30 tag-link-position-17\" style=\"font-size: 9.974358974359pt;\" aria-label=\"Epson V300 (4 \u00e9l\u00e9ments)\">Epson V300<\/a>\n<a href=\"https:\/\/www.rienadire.fr\/wordpress\/tag\/fabriquer-sa-guitare\/\" class=\"tag-cloud-link tag-link-215 tag-link-position-18\" style=\"font-size: 12.217948717949pt;\" aria-label=\"fabriquer sa guitare (8 \u00e9l\u00e9ments)\">fabriquer sa guitare<\/a>\n<a href=\"https:\/\/www.rienadire.fr\/wordpress\/tag\/fiction\/\" class=\"tag-cloud-link tag-link-330 tag-link-position-19\" style=\"font-size: 9.0769230769231pt;\" aria-label=\"fiction (3 \u00e9l\u00e9ments)\">fiction<\/a>\n<a href=\"https:\/\/www.rienadire.fr\/wordpress\/tag\/finepixs100fs\/\" class=\"tag-cloud-link tag-link-33 tag-link-position-20\" style=\"font-size: 9.974358974359pt;\" aria-label=\"FinepixS100fs (4 \u00e9l\u00e9ments)\">FinepixS100fs<\/a>\n<a href=\"https:\/\/www.rienadire.fr\/wordpress\/tag\/fuji-neopan-400\/\" class=\"tag-cloud-link tag-link-34 tag-link-position-21\" style=\"font-size: 8pt;\" aria-label=\"Fuji Neopan 400 (2 \u00e9l\u00e9ments)\">Fuji Neopan 400<\/a>\n<a href=\"https:\/\/www.rienadire.fr\/wordpress\/tag\/guitare\/\" class=\"tag-cloud-link tag-link-99 tag-link-position-22\" style=\"font-size: 9.974358974359pt;\" aria-label=\"guitare (4 \u00e9l\u00e9ments)\">guitare<\/a>\n<a href=\"https:\/\/www.rienadire.fr\/wordpress\/tag\/generation-star-wars\/\" class=\"tag-cloud-link tag-link-35 tag-link-position-23\" style=\"font-size: 8pt;\" aria-label=\"G\u00e9n\u00e9ration Star Wars (2 \u00e9l\u00e9ments)\">G\u00e9n\u00e9ration Star Wars<\/a>\n<a href=\"https:\/\/www.rienadire.fr\/wordpress\/tag\/hdr\/\" class=\"tag-cloud-link tag-link-36 tag-link-position-24\" style=\"font-size: 8pt;\" aria-label=\"HDR (2 \u00e9l\u00e9ments)\">HDR<\/a>\n<a href=\"https:\/\/www.rienadire.fr\/wordpress\/tag\/inde\/\" class=\"tag-cloud-link tag-link-37 tag-link-position-25\" style=\"font-size: 8pt;\" aria-label=\"Inde (2 \u00e9l\u00e9ments)\">Inde<\/a>\n<a href=\"https:\/\/www.rienadire.fr\/wordpress\/tag\/jamendo\/\" class=\"tag-cloud-link tag-link-102 tag-link-position-26\" style=\"font-size: 11.320512820513pt;\" aria-label=\"jamendo (6 \u00e9l\u00e9ments)\">jamendo<\/a>\n<a href=\"https:\/\/www.rienadire.fr\/wordpress\/tag\/linux\/\" class=\"tag-cloud-link tag-link-283 tag-link-position-27\" style=\"font-size: 16.525641025641pt;\" aria-label=\"Linux (26 \u00e9l\u00e9ments)\">Linux<\/a>\n<a href=\"https:\/\/www.rienadire.fr\/wordpress\/tag\/moyen-format\/\" class=\"tag-cloud-link tag-link-41 tag-link-position-28\" style=\"font-size: 8pt;\" aria-label=\"Moyen-Format (2 \u00e9l\u00e9ments)\">Moyen-Format<\/a>\n<a href=\"https:\/\/www.rienadire.fr\/wordpress\/tag\/musique-libre\/\" class=\"tag-cloud-link tag-link-284 tag-link-position-29\" style=\"font-size: 12.666666666667pt;\" aria-label=\"Musique libre (9 \u00e9l\u00e9ments)\">Musique libre<\/a>\n<a href=\"https:\/\/www.rienadire.fr\/wordpress\/tag\/noir-et-blanc\/\" class=\"tag-cloud-link tag-link-298 tag-link-position-30\" style=\"font-size: 18.5pt;\" aria-label=\"Noir et Blanc (44 \u00e9l\u00e9ments)\">Noir et Blanc<\/a>\n<a href=\"https:\/\/www.rienadire.fr\/wordpress\/tag\/ouessant\/\" class=\"tag-cloud-link tag-link-44 tag-link-position-31\" style=\"font-size: 8pt;\" aria-label=\"Ouessant (2 \u00e9l\u00e9ments)\">Ouessant<\/a>\n<a href=\"https:\/\/www.rienadire.fr\/wordpress\/tag\/panda\/\" class=\"tag-cloud-link tag-link-103 tag-link-position-32\" style=\"font-size: 8pt;\" aria-label=\"panda (2 \u00e9l\u00e9ments)\">panda<\/a>\n<a href=\"https:\/\/www.rienadire.fr\/wordpress\/tag\/paris\/\" class=\"tag-cloud-link tag-link-46 tag-link-position-33\" style=\"font-size: 8pt;\" aria-label=\"Paris (2 \u00e9l\u00e9ments)\">Paris<\/a>\n<a href=\"https:\/\/www.rienadire.fr\/wordpress\/tag\/photographie\/\" class=\"tag-cloud-link tag-link-285 tag-link-position-34\" style=\"font-size: 22pt;\" aria-label=\"Photographie (109 \u00e9l\u00e9ments)\">Photographie<\/a>\n<a href=\"https:\/\/www.rienadire.fr\/wordpress\/tag\/poesie\/\" class=\"tag-cloud-link tag-link-324 tag-link-position-35\" style=\"font-size: 11.769230769231pt;\" aria-label=\"Poesie (7 \u00e9l\u00e9ments)\">Poesie<\/a>\n<a href=\"https:\/\/www.rienadire.fr\/wordpress\/tag\/paque\/\" class=\"tag-cloud-link tag-link-45 tag-link-position-36\" style=\"font-size: 9.0769230769231pt;\" aria-label=\"P\u00e2que (3 \u00e9l\u00e9ments)\">P\u00e2que<\/a>\n<a href=\"https:\/\/www.rienadire.fr\/wordpress\/tag\/raw\/\" class=\"tag-cloud-link tag-link-48 tag-link-position-37\" style=\"font-size: 15.717948717949pt;\" aria-label=\"Raw (21 \u00e9l\u00e9ments)\">Raw<\/a>\n<a href=\"https:\/\/www.rienadire.fr\/wordpress\/tag\/saga-lc-10-les-paul-style\/\" class=\"tag-cloud-link tag-link-216 tag-link-position-38\" style=\"font-size: 11.769230769231pt;\" aria-label=\"saga LC-10 Les Paul style (7 \u00e9l\u00e9ments)\">saga LC-10 Les Paul style<\/a>\n<a href=\"https:\/\/www.rienadire.fr\/wordpress\/tag\/semflex\/\" class=\"tag-cloud-link tag-link-49 tag-link-position-39\" style=\"font-size: 11.769230769231pt;\" aria-label=\"Semflex (7 \u00e9l\u00e9ments)\">Semflex<\/a>\n<a href=\"https:\/\/www.rienadire.fr\/wordpress\/tag\/senegal\/\" class=\"tag-cloud-link tag-link-156 tag-link-position-40\" style=\"font-size: 10.692307692308pt;\" aria-label=\"Senegal (5 \u00e9l\u00e9ments)\">Senegal<\/a>\n<a href=\"https:\/\/www.rienadire.fr\/wordpress\/tag\/the-gimp\/\" class=\"tag-cloud-link tag-link-286 tag-link-position-41\" style=\"font-size: 9.974358974359pt;\" aria-label=\"The Gimp (4 \u00e9l\u00e9ments)\">The Gimp<\/a>\n<a href=\"https:\/\/www.rienadire.fr\/wordpress\/tag\/trix\/\" class=\"tag-cloud-link tag-link-50 tag-link-position-42\" style=\"font-size: 9.0769230769231pt;\" aria-label=\"TriX (3 \u00e9l\u00e9ments)\">TriX<\/a>\n<a href=\"https:\/\/www.rienadire.fr\/wordpress\/tag\/ubuntu\/\" class=\"tag-cloud-link tag-link-120 tag-link-position-43\" style=\"font-size: 9.974358974359pt;\" aria-label=\"Ubuntu (4 \u00e9l\u00e9ments)\">Ubuntu<\/a>\n<a href=\"https:\/\/www.rienadire.fr\/wordpress\/tag\/ufraw\/\" class=\"tag-cloud-link tag-link-287 tag-link-position-44\" style=\"font-size: 9.974358974359pt;\" aria-label=\"Ufraw (4 \u00e9l\u00e9ments)\">Ufraw<\/a>\n<a href=\"https:\/\/www.rienadire.fr\/wordpress\/tag\/workflow\/\" class=\"tag-cloud-link tag-link-53 tag-link-position-45\" style=\"font-size: 12.217948717949pt;\" aria-label=\"Workflow (8 \u00e9l\u00e9ments)\">Workflow<\/a><\/p><\/div>\n\n\n\n<h2 class=\"wp-block-heading\">Des liens que j&rsquo;aime bien<\/h2>\n\n\n\n<ul class=\"wp-block-list\">\n<li><a href=\"https:\/\/annyo.logaton.fr\/?PagePrincipale\" target=\"_blank\" rel=\"noreferrer noopener\">https:\/\/annyo.logaton.fr\/?PagePrincipale<\/a><\/li>\n\n\n\n<li><a href=\"https:\/\/bloculus.com\">https:\/\/bloculus.com<\/a><\/li>\n\n\n\n<li><a href=\"https:\/\/www.bouletcorp.com\">https:\/\/www.bouletcorp.com<\/a><\/li>\n\n\n\n<li>http:\/\/ebook.coop-tic.eu\/francais\/wakka.php?wiki=PagePrincipale<\/li>\n\n\n\n<li><a href=\"https:\/\/dearphotograph.com\">https:\/\/dearphotograph.com<\/a><\/li>\n\n\n\n<li><a href=\"https:\/\/danstonchat.com\/\">https:\/\/danstonchat.com\/<\/a><\/li>\n\n\n\n<li><a href=\"https:\/\/enjeu.cc\/?PagePrincipale\">https:\/\/enjeu.cc\/?PagePrincipale<\/a><\/li>\n\n\n\n<li><a href=\"https:\/\/interpole.xyz\/?Accueil\">https:\/\/interpole.xyz\/?Accueil<\/a><\/li>\n\n\n\n<li><a href=\"https:\/\/www.jamendo.com\/?language=fr\">https:\/\/www.jamendo.com\/?language=fr<\/a><\/li>\n\n\n\n<li><a href=\"http:\/\/gf3.myriapyle.net\/\">http:\/\/gf3.myriapyle.net\/<\/a><\/li>\n\n\n\n<li><a href=\"https:\/\/www.photo-argentique.com\/\">https:\/\/www.photo-argentique.com\/<\/a><\/li>\n\n\n\n<li><a href=\"https:\/\/www.ubuntu-fr.org\/\">https:\/\/www.ubuntu-fr.org\/<\/a><\/li>\n\n\n\n<li><a href=\"https:\/\/virusphoto.com\/\">https:\/\/virusphoto.com\/<\/a><\/li>\n\n\n\n<li><a href=\"https:\/\/lowtechlab.org\/fr\">https:\/\/lowtechlab.org\/fr<\/a><\/li>\n<\/ul>\n\n\n\n<p><\/p>\n","protected":false},"excerpt":{"rendered":"<p>Des liens que j&rsquo;aime bien<\/p>\n","protected":false},"author":1,"featured_media":0,"parent":0,"menu_order":0,"comment_status":"open","ping_status":"open","template":"","meta":{"ngg_post_thumbnail":0,"footnotes":""},"class_list":["post-2231","page","type-page","status-publish","hentry"],"_links":{"self":[{"href":"https:\/\/www.rienadire.fr\/wordpress\/wp-json\/wp\/v2\/pages\/2231","targetHints":{"allow":["GET"]}}],"collection":[{"href":"https:\/\/www.rienadire.fr\/wordpress\/wp-json\/wp\/v2\/pages"}],"about":[{"href":"https:\/\/www.rienadire.fr\/wordpress\/wp-json\/wp\/v2\/types\/page"}],"author":[{"embeddable":true,"href":"https:\/\/www.rienadire.fr\/wordpress\/wp-json\/wp\/v2\/users\/1"}],"replies":[{"embeddable":true,"href":"https:\/\/www.rienadire.fr\/wordpress\/wp-json\/wp\/v2\/comments?post=2231"}],"version-history":[{"count":6,"href":"https:\/\/www.rienadire.fr\/wordpress\/wp-json\/wp\/v2\/pages\/2231\/revisions"}],"predecessor-version":[{"id":3427,"href":"https:\/\/www.rienadire.fr\/wordpress\/wp-json\/wp\/v2\/pages\/2231\/revisions\/3427"}],"wp:attachment":[{"href":"https:\/\/www.rienadire.fr\/wordpress\/wp-json\/wp\/v2\/media?parent=2231"}],"curies":[{"name":"wp","href":"https:\/\/api.w.org\/{rel}","templated":true}]}}