{"id":6,"date":"2010-02-22T17:19:23","date_gmt":"2010-02-22T17:19:23","guid":{"rendered":"http:\/\/clement.leguyadec.free.fr\/wordpress\/?page_id=2"},"modified":"2024-05-11T14:45:46","modified_gmt":"2024-05-11T12:45:46","slug":"a-propos-2","status":"publish","type":"page","link":"https:\/\/www.rienadire.fr\/wordpress\/a-propos-2\/","title":{"rendered":"\u00c0 propos"},"content":{"rendered":"<p>Ce site est comme une sorte de carnet, vous trouverez p\u00e8le-m\u00eale : des photos, des liens, des dessins, de la musique. Il change au gr\u00e8s de mes envies, de mes pulsions, il a faillit dispara\u00eetre&#8230;et puis finalement, je m&rsquo;y int\u00e9resse \u00e0 nouveau.<\/p>\n","protected":false},"excerpt":{"rendered":"<p>Ce site est comme une sorte de carnet, vous trouverez p\u00e8le-m\u00eale : des photos, des liens, des dessins, de la musique. Il change au gr\u00e8s de mes envies, de mes pulsions, il a faillit dispara\u00eetre&#8230;et puis finalement, je m&rsquo;y int\u00e9resse \u00e0 nouveau.<\/p>\n","protected":false},"author":1,"featured_media":0,"parent":0,"menu_order":0,"comment_status":"open","ping_status":"open","template":"","meta":{"ngg_post_thumbnail":0,"footnotes":""},"class_list":["post-6","page","type-page","status-publish","hentry"],"_links":{"self":[{"href":"https:\/\/www.rienadire.fr\/wordpress\/wp-json\/wp\/v2\/pages\/6","targetHints":{"allow":["GET"]}}],"collection":[{"href":"https:\/\/www.rienadire.fr\/wordpress\/wp-json\/wp\/v2\/pages"}],"about":[{"href":"https:\/\/www.rienadire.fr\/wordpress\/wp-json\/wp\/v2\/types\/page"}],"author":[{"embeddable":true,"href":"https:\/\/www.rienadire.fr\/wordpress\/wp-json\/wp\/v2\/users\/1"}],"replies":[{"embeddable":true,"href":"https:\/\/www.rienadire.fr\/wordpress\/wp-json\/wp\/v2\/comments?post=6"}],"version-history":[{"count":3,"href":"https:\/\/www.rienadire.fr\/wordpress\/wp-json\/wp\/v2\/pages\/6\/revisions"}],"predecessor-version":[{"id":3328,"href":"https:\/\/www.rienadire.fr\/wordpress\/wp-json\/wp\/v2\/pages\/6\/revisions\/3328"}],"wp:attachment":[{"href":"https:\/\/www.rienadire.fr\/wordpress\/wp-json\/wp\/v2\/media?parent=6"}],"curies":[{"name":"wp","href":"https:\/\/api.w.org\/{rel}","templated":true}]}}